{"id":7307,"date":"2021-06-07T12:23:06","date_gmt":"2021-06-07T11:23:06","guid":{"rendered":"https:\/\/grupocsm.com\/?page_id=7307"},"modified":"2021-06-18T09:18:10","modified_gmt":"2021-06-18T08:18:10","slug":"innfosii","status":"publish","type":"page","link":"https:\/\/grupocsm.com\/index.php\/innfosii\/","title":{"rendered":"Innfosii"},"content":{"rendered":"\t\t<div data-elementor-type=\"wp-page\" data-elementor-id=\"7307\" class=\"elementor elementor-7307\" data-elementor-settings=\"[]\">\n\t\t\t\t\t\t<div class=\"elementor-inner\">\n\t\t\t\t\t\t\t<div class=\"elementor-section-wrap\">\n\t\t\t\t\t\t\t<section class=\"elementor-section elementor-top-section elementor-element elementor-element-4120a57 elementor-section-stretched elementor-section-boxed elementor-section-height-default elementor-section-height-default\" data-id=\"4120a57\" data-element_type=\"section\" data-settings=\"{&quot;stretch_section&quot;:&quot;section-stretched&quot;,&quot;background_background&quot;:&quot;classic&quot;}\">\n\t\t\t\t\t\t<div class=\"elementor-container elementor-column-gap-default\">\n\t\t\t\t\t\t\t<div class=\"elementor-row\">\n\t\t\t\t\t<div class=\"elementor-column elementor-col-100 elementor-top-column elementor-element elementor-element-edeb019\" data-id=\"edeb019\" data-element_type=\"column\">\n\t\t\t<div class=\"elementor-column-wrap elementor-element-populated\">\n\t\t\t\t\t\t\t<div class=\"elementor-widget-wrap\">\n\t\t\t\t\t\t<div class=\"elementor-element elementor-element-c514c23 elementor-widget elementor-widget-heading\" data-id=\"c514c23\" data-element_type=\"widget\" data-widget_type=\"heading.default\">\n\t\t\t\t<div class=\"elementor-widget-container\">\n\t\t\t<h2 class=\"elementor-heading-title elementor-size-default\">PASARELA AEAT (SII)<\/h2>\t\t<\/div>\n\t\t\t\t<\/div>\n\t\t\t\t\t\t<\/div>\n\t\t\t\t\t<\/div>\n\t\t<\/div>\n\t\t\t\t\t\t\t\t<\/div>\n\t\t\t\t\t<\/div>\n\t\t<\/section>\n\t\t\t\t<section class=\"elementor-section elementor-top-section elementor-element elementor-element-4c033f1b elementor-section-stretched elementor-section-boxed elementor-section-height-default elementor-section-height-default\" data-id=\"4c033f1b\" data-element_type=\"section\" data-settings=\"{&quot;stretch_section&quot;:&quot;section-stretched&quot;}\">\n\t\t\t\t\t\t<div class=\"elementor-container elementor-column-gap-default\">\n\t\t\t\t\t\t\t<div class=\"elementor-row\">\n\t\t\t\t\t<div class=\"elementor-column elementor-col-100 elementor-top-column elementor-element elementor-element-2b5fed82\" data-id=\"2b5fed82\" data-element_type=\"column\">\n\t\t\t<div class=\"elementor-column-wrap elementor-element-populated\">\n\t\t\t\t\t\t\t<div class=\"elementor-widget-wrap\">\n\t\t\t\t\t\t<div class=\"elementor-element elementor-element-30d5dfca elementor-widget elementor-widget-image\" data-id=\"30d5dfca\" data-element_type=\"widget\" data-widget_type=\"image.default\">\n\t\t\t\t<div class=\"elementor-widget-container\">\n\t\t\t\t\t\t\t\t<div class=\"elementor-image\">\n\t\t\t\t\t\t\t\t\t\t\t\t<img loading=\"lazy\" decoding=\"async\" width=\"575\" height=\"256\" src=\"https:\/\/grupocsm.com\/wp-content\/uploads\/2021\/06\/Innfosii_logo.jpg\" class=\"attachment-medium_large size-medium_large\" alt=\"\" srcset=\"https:\/\/grupocsm.com\/wp-content\/uploads\/2021\/06\/Innfosii_logo.jpg 575w, https:\/\/grupocsm.com\/wp-content\/uploads\/2021\/06\/Innfosii_logo-300x134.jpg 300w\" sizes=\"auto, (max-width: 575px) 100vw, 575px\" \/>\t\t\t\t\t\t\t\t\t\t\t\t\t\t<\/div>\n\t\t\t\t\t\t<\/div>\n\t\t\t\t<\/div>\n\t\t\t\t\t\t<\/div>\n\t\t\t\t\t<\/div>\n\t\t<\/div>\n\t\t\t\t\t\t\t\t<\/div>\n\t\t\t\t\t<\/div>\n\t\t<\/section>\n\t\t\t\t<section class=\"elementor-section elementor-top-section elementor-element elementor-element-6af0c416 elementor-section-content-middle elementor-section-stretched elementor-section-boxed elementor-section-height-default elementor-section-height-default\" data-id=\"6af0c416\" data-element_type=\"section\" data-settings=\"{&quot;background_background&quot;:&quot;classic&quot;,&quot;stretch_section&quot;:&quot;section-stretched&quot;}\">\n\t\t\t\t\t\t<div class=\"elementor-container elementor-column-gap-no\">\n\t\t\t\t\t\t\t<div class=\"elementor-row\">\n\t\t\t\t\t<div class=\"elementor-column elementor-col-100 elementor-top-column elementor-element elementor-element-5849f76e\" data-id=\"5849f76e\" data-element_type=\"column\">\n\t\t\t<div class=\"elementor-column-wrap elementor-element-populated\">\n\t\t\t\t\t\t\t<div class=\"elementor-widget-wrap\">\n\t\t\t\t\t\t<div class=\"elementor-element elementor-element-5ad09af2 elementor-widget elementor-widget-heading\" data-id=\"5ad09af2\" data-element_type=\"widget\" data-widget_type=\"heading.default\">\n\t\t\t\t<div class=\"elementor-widget-container\">\n\t\t\t<h4 class=\"elementor-heading-title elementor-size-default\">\u00bfQu\u00e9 es Innfosii?<\/h4>\t\t<\/div>\n\t\t\t\t<\/div>\n\t\t\t\t<div class=\"elementor-element elementor-element-129bad22 elementor-widget elementor-widget-text-editor\" data-id=\"129bad22\" data-element_type=\"widget\" data-widget_type=\"text-editor.default\">\n\t\t\t\t<div class=\"elementor-widget-container\">\n\t\t\t\t\t\t\t\t<div class=\"elementor-text-editor elementor-clearfix\">\n\t\t\t\t\t<p>\u00bfObligado a transmitir a La AEAT los detalles de tu facturaci\u00f3n?<\/p><p>A partir del 1 de julio de 2017 La Agencia Espa\u00f1ola de Administraci\u00f3n Tributaria (AEAT) pone en marcha un nuevo sistema de declaraci\u00f3n electr\u00f3nica del IVA denominado SUMINISTRO INMEDIATO DE INFORMACION (SII).<\/p><p>Este nuevo sistema obliga las empresas encuadradas dentro de este grupo a remitir electr\u00f3nicamente a la (AEAT) los detalles de su facturaci\u00f3n. Dicha informaci\u00f3n ir\u00e1 configurando casi en tiempo real los Libros de Registro de IVA<\/p><p>GRUPO CSM como empresa poseedora de Convenio de Colaborador Social con la AEAT est\u00e1 facultada para presentar la documentaci\u00f3n requerida por la AEAT en nombre de terceros.<\/p><p>Con dicha finalidad, GRUPO CSM desarrolla un software propietario denominado INNFO SII. un producto de IMPLATACION MUY RAPIDA, con una CONECTIVIDAD MUY SENCILLA, preparado para enlazar a CUALQUIER ERP o SOLUCION A MEDIDA a un PRECIO realmente COMPETITIVO.<\/p><p>El intercambio es bidireccional. De modo que los documentos viajan desde el USUARIO FINAL a la AEAT a trav\u00e9s de la plataforma de env\u00edo y obtiene como respuesta la conformidad de dicho env\u00edo y una clave \u00fanica a modo de justificante de la transacci\u00f3n realizada.<\/p>\t\t\t\t\t<\/div>\n\t\t\t\t\t\t<\/div>\n\t\t\t\t<\/div>\n\t\t\t\t\t\t<\/div>\n\t\t\t\t\t<\/div>\n\t\t<\/div>\n\t\t\t\t\t\t\t\t<\/div>\n\t\t\t\t\t<\/div>\n\t\t<\/section>\n\t\t\t\t<section class=\"elementor-section elementor-top-section elementor-element elementor-element-b3853a7 elementor-section-stretched elementor-section-boxed elementor-section-height-default elementor-section-height-default\" data-id=\"b3853a7\" data-element_type=\"section\" data-settings=\"{&quot;stretch_section&quot;:&quot;section-stretched&quot;}\">\n\t\t\t\t\t\t<div class=\"elementor-container elementor-column-gap-default\">\n\t\t\t\t\t\t\t<div class=\"elementor-row\">\n\t\t\t\t\t<div class=\"elementor-column elementor-col-100 elementor-top-column elementor-element elementor-element-0e2c4e1\" data-id=\"0e2c4e1\" data-element_type=\"column\">\n\t\t\t<div class=\"elementor-column-wrap elementor-element-populated\">\n\t\t\t\t\t\t\t<div class=\"elementor-widget-wrap\">\n\t\t\t\t\t\t<div class=\"elementor-element elementor-element-d55f22d elementor-widget elementor-widget-image\" data-id=\"d55f22d\" data-element_type=\"widget\" data-widget_type=\"image.default\">\n\t\t\t\t<div class=\"elementor-widget-container\">\n\t\t\t\t\t\t\t\t<div class=\"elementor-image\">\n\t\t\t\t\t\t\t\t\t\t\t\t<img loading=\"lazy\" decoding=\"async\" width=\"1024\" height=\"102\" src=\"https:\/\/grupocsm.com\/wp-content\/uploads\/2021\/06\/ESPANA-1024x102.png\" class=\"attachment-large size-large\" alt=\"grupocsm.com\" srcset=\"https:\/\/grupocsm.com\/wp-content\/uploads\/2021\/06\/ESPANA-1024x102.png 1024w, https:\/\/grupocsm.com\/wp-content\/uploads\/2021\/06\/ESPANA-300x30.png 300w, https:\/\/grupocsm.com\/wp-content\/uploads\/2021\/06\/ESPANA-768x77.png 768w, https:\/\/grupocsm.com\/wp-content\/uploads\/2021\/06\/ESPANA.png 1204w\" sizes=\"auto, (max-width: 1024px) 100vw, 1024px\" \/>\t\t\t\t\t\t\t\t\t\t\t\t\t\t<\/div>\n\t\t\t\t\t\t<\/div>\n\t\t\t\t<\/div>\n\t\t\t\t\t\t<\/div>\n\t\t\t\t\t<\/div>\n\t\t<\/div>\n\t\t\t\t\t\t\t\t<\/div>\n\t\t\t\t\t<\/div>\n\t\t<\/section>\n\t\t\t\t\t\t<\/div>\n\t\t\t\t\t\t<\/div>\n\t\t\t\t\t<\/div>\n\t\t","protected":false},"excerpt":{"rendered":"<p>PASARELA AEAT (SII) \u00bfQu\u00e9 es Innfosii? \u00bfObligado a transmitir a La AEAT los detalles de tu facturaci\u00f3n? A partir del 1 de julio de 2017 La Agencia Espa\u00f1ola de Administraci\u00f3n Tributaria (AEAT) pone en marcha un nuevo sistema de declaraci\u00f3n electr\u00f3nica del IVA denominado SUMINISTRO INMEDIATO DE INFORMACION (SII). Este nuevo sistema obliga las empresas [&hellip;]<\/p>\n","protected":false},"author":1,"featured_media":0,"parent":0,"menu_order":0,"comment_status":"closed","ping_status":"closed","template":"","meta":{"_monsterinsights_skip_tracking":false,"_monsterinsights_sitenote_active":false,"_monsterinsights_sitenote_note":"","_monsterinsights_sitenote_category":0,"footnotes":""},"class_list":["post-7307","page","type-page","status-publish","hentry","entry"],"aioseo_notices":[],"_links":{"self":[{"href":"https:\/\/grupocsm.com\/index.php\/wp-json\/wp\/v2\/pages\/7307","targetHints":{"allow":["GET"]}}],"collection":[{"href":"https:\/\/grupocsm.com\/index.php\/wp-json\/wp\/v2\/pages"}],"about":[{"href":"https:\/\/grupocsm.com\/index.php\/wp-json\/wp\/v2\/types\/page"}],"author":[{"embeddable":true,"href":"https:\/\/grupocsm.com\/index.php\/wp-json\/wp\/v2\/users\/1"}],"replies":[{"embeddable":true,"href":"https:\/\/grupocsm.com\/index.php\/wp-json\/wp\/v2\/comments?post=7307"}],"version-history":[{"count":37,"href":"https:\/\/grupocsm.com\/index.php\/wp-json\/wp\/v2\/pages\/7307\/revisions"}],"predecessor-version":[{"id":8879,"href":"https:\/\/grupocsm.com\/index.php\/wp-json\/wp\/v2\/pages\/7307\/revisions\/8879"}],"wp:attachment":[{"href":"https:\/\/grupocsm.com\/index.php\/wp-json\/wp\/v2\/media?parent=7307"}],"curies":[{"name":"wp","href":"https:\/\/api.w.org\/{rel}","templated":true}]}}