{"id":6613,"date":"2021-05-26T10:54:32","date_gmt":"2021-05-26T09:54:32","guid":{"rendered":"https:\/\/grupocsm.com\/?page_id=6613"},"modified":"2022-02-01T14:53:14","modified_gmt":"2022-02-01T13:53:14","slug":"subvenciones","status":"publish","type":"page","link":"https:\/\/grupocsm.com\/index.php\/subvenciones\/","title":{"rendered":"Subvenciones"},"content":{"rendered":"\t\t<div data-elementor-type=\"wp-page\" data-elementor-id=\"6613\" class=\"elementor elementor-6613\" data-elementor-settings=\"[]\">\n\t\t\t\t\t\t<div class=\"elementor-inner\">\n\t\t\t\t\t\t\t<div class=\"elementor-section-wrap\">\n\t\t\t\t\t\t\t<section class=\"elementor-section elementor-top-section elementor-element elementor-element-e90362a elementor-section-stretched elementor-section-boxed elementor-section-height-default elementor-section-height-default\" data-id=\"e90362a\" data-element_type=\"section\" data-settings=\"{&quot;stretch_section&quot;:&quot;section-stretched&quot;,&quot;background_background&quot;:&quot;classic&quot;}\">\n\t\t\t\t\t\t<div class=\"elementor-container elementor-column-gap-default\">\n\t\t\t\t\t\t\t<div class=\"elementor-row\">\n\t\t\t\t\t<div class=\"elementor-column elementor-col-100 elementor-top-column elementor-element elementor-element-d109d2d\" data-id=\"d109d2d\" data-element_type=\"column\">\n\t\t\t<div class=\"elementor-column-wrap elementor-element-populated\">\n\t\t\t\t\t\t\t<div class=\"elementor-widget-wrap\">\n\t\t\t\t\t\t<div class=\"elementor-element elementor-element-4efb4d9 elementor-widget elementor-widget-heading\" data-id=\"4efb4d9\" data-element_type=\"widget\" data-widget_type=\"heading.default\">\n\t\t\t\t<div class=\"elementor-widget-container\">\n\t\t\t<h2 class=\"elementor-heading-title elementor-size-default\">SUBVENCIONES<\/h2>\t\t<\/div>\n\t\t\t\t<\/div>\n\t\t\t\t\t\t<\/div>\n\t\t\t\t\t<\/div>\n\t\t<\/div>\n\t\t\t\t\t\t\t\t<\/div>\n\t\t\t\t\t<\/div>\n\t\t<\/section>\n\t\t\t\t<section class=\"elementor-section elementor-top-section elementor-element elementor-element-72380be elementor-section-content-middle elementor-section-full_width elementor-section-stretched elementor-section-height-default elementor-section-height-default\" data-id=\"72380be\" data-element_type=\"section\" data-settings=\"{&quot;background_background&quot;:&quot;classic&quot;,&quot;stretch_section&quot;:&quot;section-stretched&quot;}\">\n\t\t\t\t\t\t\t<div class=\"elementor-background-overlay\"><\/div>\n\t\t\t\t\t\t\t<div class=\"elementor-container elementor-column-gap-no\">\n\t\t\t\t\t\t\t<div class=\"elementor-row\">\n\t\t\t\t\t<div class=\"elementor-column elementor-col-100 elementor-top-column elementor-element elementor-element-03561b0\" data-id=\"03561b0\" data-element_type=\"column\">\n\t\t\t<div class=\"elementor-column-wrap elementor-element-populated\">\n\t\t\t\t\t\t\t<div class=\"elementor-widget-wrap\">\n\t\t\t\t\t\t<div class=\"elementor-element elementor-element-d330438 elementor-widget elementor-widget-text-editor\" data-id=\"d330438\" data-element_type=\"widget\" data-widget_type=\"text-editor.default\">\n\t\t\t\t<div class=\"elementor-widget-container\">\n\t\t\t\t\t\t\t\t<div class=\"elementor-text-editor elementor-clearfix\">\n\t\t\t\t\t<p><strong>\u00bfPensando en un nuevo proyecto para tu empresa?. \u00bfNo sabes su coste y desconoces si podr\u00edas recibir alguna ayuda? cu\u00e9ntanoslo.<\/strong><\/p><p><strong>Te informaremos si hay alguna subvenci\u00f3n disponible para tu proyecto.<\/strong><\/p><p><strong>En Grupo CSM venimos gestionando desde hace mas de 15 a\u00f1os las subvenciones a las que se pueden acoger nuestros clientes con numerosos casos de \u00e9xito.<\/strong><\/p><p><strong>Pres\u00e9ntanos tu proyecto, lo valoraremos y te informaremos si hay disponible ayudas econ\u00f3micas para ello. Gestionaremos la subvenci\u00f3n de tu empresa para que no tengas que preocuparte por nada.<\/strong><\/p><p><strong>Nos acoplamos a ti y a las necesidades de tu empresa.<\/strong><\/p>\t\t\t\t\t<\/div>\n\t\t\t\t\t\t<\/div>\n\t\t\t\t<\/div>\n\t\t\t\t\t\t<\/div>\n\t\t\t\t\t<\/div>\n\t\t<\/div>\n\t\t\t\t\t\t\t\t<\/div>\n\t\t\t\t\t<\/div>\n\t\t<\/section>\n\t\t\t\t<section class=\"elementor-section elementor-top-section elementor-element elementor-element-38cc608 elementor-section-full_width elementor-section-height-default elementor-section-height-default\" data-id=\"38cc608\" data-element_type=\"section\">\n\t\t\t\t\t\t<div class=\"elementor-container elementor-column-gap-default\">\n\t\t\t\t\t\t\t<div class=\"elementor-row\">\n\t\t\t\t\t<div class=\"elementor-column elementor-col-100 elementor-top-column elementor-element elementor-element-237942e\" data-id=\"237942e\" data-element_type=\"column\">\n\t\t\t<div class=\"elementor-column-wrap elementor-element-populated\">\n\t\t\t\t\t\t\t<div class=\"elementor-widget-wrap\">\n\t\t\t\t\t\t<div class=\"elementor-element elementor-element-f88c09c elementor-widget elementor-widget-spacer\" data-id=\"f88c09c\" data-element_type=\"widget\" data-widget_type=\"spacer.default\">\n\t\t\t\t<div class=\"elementor-widget-container\">\n\t\t\t\t\t<div class=\"elementor-spacer\">\n\t\t\t<div class=\"elementor-spacer-inner\"><\/div>\n\t\t<\/div>\n\t\t\t\t<\/div>\n\t\t\t\t<\/div>\n\t\t\t\t\t\t<\/div>\n\t\t\t\t\t<\/div>\n\t\t<\/div>\n\t\t\t\t\t\t\t\t<\/div>\n\t\t\t\t\t<\/div>\n\t\t<\/section>\n\t\t\t\t<section class=\"elementor-section elementor-top-section elementor-element elementor-element-4b5c54c elementor-section-boxed elementor-section-height-default elementor-section-height-default\" data-id=\"4b5c54c\" data-element_type=\"section\">\n\t\t\t\t\t\t<div class=\"elementor-container elementor-column-gap-default\">\n\t\t\t\t\t\t\t<div class=\"elementor-row\">\n\t\t\t\t\t<div class=\"elementor-column elementor-col-100 elementor-top-column elementor-element elementor-element-fd1416c\" data-id=\"fd1416c\" data-element_type=\"column\">\n\t\t\t<div class=\"elementor-column-wrap elementor-element-populated\">\n\t\t\t\t\t\t\t<div class=\"elementor-widget-wrap\">\n\t\t\t\t\t\t<div class=\"elementor-element elementor-element-bbf3801 elementor-widget elementor-widget-image\" data-id=\"bbf3801\" data-element_type=\"widget\" data-widget_type=\"image.default\">\n\t\t\t\t<div class=\"elementor-widget-container\">\n\t\t\t\t\t\t\t\t<div class=\"elementor-image\">\n\t\t\t\t\t\t\t\t\t\t\t\t\t<a href=\"https:\/\/grupocsm.com\/index.php\/kit-digitaliza\/\">\n\t\t\t\t\t\t\t<img decoding=\"async\" src=\"https:\/\/grupocsm.com\/wp-content\/uploads\/2022\/02\/Logo-digitalizadores.png\" title=\"\" alt=\"\" \/>\t\t\t\t\t\t\t\t<\/a>\n\t\t\t\t\t\t\t\t\t\t\t\t\t\t<\/div>\n\t\t\t\t\t\t<\/div>\n\t\t\t\t<\/div>\n\t\t\t\t\t\t<\/div>\n\t\t\t\t\t<\/div>\n\t\t<\/div>\n\t\t\t\t\t\t\t\t<\/div>\n\t\t\t\t\t<\/div>\n\t\t<\/section>\n\t\t\t\t<section class=\"elementor-section elementor-top-section elementor-element elementor-element-1ab2116 elementor-section-boxed elementor-section-height-default elementor-section-height-default\" data-id=\"1ab2116\" data-element_type=\"section\">\n\t\t\t\t\t\t<div class=\"elementor-container elementor-column-gap-default\">\n\t\t\t\t\t\t\t<div class=\"elementor-row\">\n\t\t\t\t\t<div class=\"elementor-column elementor-col-100 elementor-top-column elementor-element elementor-element-971fd1d\" data-id=\"971fd1d\" data-element_type=\"column\">\n\t\t\t<div class=\"elementor-column-wrap elementor-element-populated\">\n\t\t\t\t\t\t\t<div class=\"elementor-widget-wrap\">\n\t\t\t\t\t\t<div class=\"elementor-element elementor-element-e61098d elementor-widget elementor-widget-image\" data-id=\"e61098d\" data-element_type=\"widget\" data-widget_type=\"image.default\">\n\t\t\t\t<div class=\"elementor-widget-container\">\n\t\t\t\t\t\t\t\t<div class=\"elementor-image\">\n\t\t\t\t\t\t\t\t\t\t\t\t<img loading=\"lazy\" decoding=\"async\" width=\"960\" height=\"263\" src=\"https:\/\/grupocsm.com\/wp-content\/uploads\/2021\/06\/logos_subvencion.jpg\" class=\"attachment-large size-large\" alt=\"\" srcset=\"https:\/\/grupocsm.com\/wp-content\/uploads\/2021\/06\/logos_subvencion.jpg 960w, https:\/\/grupocsm.com\/wp-content\/uploads\/2021\/06\/logos_subvencion-300x82.jpg 300w, https:\/\/grupocsm.com\/wp-content\/uploads\/2021\/06\/logos_subvencion-768x210.jpg 768w\" sizes=\"auto, (max-width: 960px) 100vw, 960px\" \/>\t\t\t\t\t\t\t\t\t\t\t\t\t\t<\/div>\n\t\t\t\t\t\t<\/div>\n\t\t\t\t<\/div>\n\t\t\t\t\t\t<\/div>\n\t\t\t\t\t<\/div>\n\t\t<\/div>\n\t\t\t\t\t\t\t\t<\/div>\n\t\t\t\t\t<\/div>\n\t\t<\/section>\n\t\t\t\t\t\t<\/div>\n\t\t\t\t\t\t<\/div>\n\t\t\t\t\t<\/div>\n\t\t","protected":false},"excerpt":{"rendered":"<p>SUBVENCIONES \u00bfPensando en un nuevo proyecto para tu empresa?. \u00bfNo sabes su coste y desconoces si podr\u00edas recibir alguna ayuda? cu\u00e9ntanoslo. Te informaremos si hay alguna subvenci\u00f3n disponible para tu proyecto. En Grupo CSM venimos gestionando desde hace mas de 15 a\u00f1os las subvenciones a las que se pueden acoger nuestros clientes con numerosos casos [&hellip;]<\/p>\n","protected":false},"author":1,"featured_media":0,"parent":0,"menu_order":0,"comment_status":"closed","ping_status":"closed","template":"","meta":{"_monsterinsights_skip_tracking":false,"_monsterinsights_sitenote_active":false,"_monsterinsights_sitenote_note":"","_monsterinsights_sitenote_category":0,"footnotes":""},"class_list":["post-6613","page","type-page","status-publish","hentry","entry"],"aioseo_notices":[],"_links":{"self":[{"href":"https:\/\/grupocsm.com\/index.php\/wp-json\/wp\/v2\/pages\/6613","targetHints":{"allow":["GET"]}}],"collection":[{"href":"https:\/\/grupocsm.com\/index.php\/wp-json\/wp\/v2\/pages"}],"about":[{"href":"https:\/\/grupocsm.com\/index.php\/wp-json\/wp\/v2\/types\/page"}],"author":[{"embeddable":true,"href":"https:\/\/grupocsm.com\/index.php\/wp-json\/wp\/v2\/users\/1"}],"replies":[{"embeddable":true,"href":"https:\/\/grupocsm.com\/index.php\/wp-json\/wp\/v2\/comments?post=6613"}],"version-history":[{"count":58,"href":"https:\/\/grupocsm.com\/index.php\/wp-json\/wp\/v2\/pages\/6613\/revisions"}],"predecessor-version":[{"id":9540,"href":"https:\/\/grupocsm.com\/index.php\/wp-json\/wp\/v2\/pages\/6613\/revisions\/9540"}],"wp:attachment":[{"href":"https:\/\/grupocsm.com\/index.php\/wp-json\/wp\/v2\/media?parent=6613"}],"curies":[{"name":"wp","href":"https:\/\/api.w.org\/{rel}","templated":true}]}}