{"id":6595,"date":"2021-05-26T10:51:22","date_gmt":"2021-05-26T09:51:22","guid":{"rendered":"https:\/\/grupocsm.com\/?page_id=6595"},"modified":"2021-06-18T09:12:30","modified_gmt":"2021-06-18T08:12:30","slug":"erp-windows-kais-evo","status":"publish","type":"page","link":"https:\/\/grupocsm.com\/index.php\/erp-windows-kais-evo\/","title":{"rendered":"ERP Windows (Kais)"},"content":{"rendered":"\t\t<div data-elementor-type=\"wp-page\" data-elementor-id=\"6595\" class=\"elementor elementor-6595\" data-elementor-settings=\"[]\">\n\t\t\t\t\t\t<div class=\"elementor-inner\">\n\t\t\t\t\t\t\t<div class=\"elementor-section-wrap\">\n\t\t\t\t\t\t\t<section class=\"elementor-section elementor-top-section elementor-element elementor-element-7c9fd4b elementor-section-stretched elementor-section-boxed elementor-section-height-default elementor-section-height-default\" data-id=\"7c9fd4b\" data-element_type=\"section\" data-settings=\"{&quot;stretch_section&quot;:&quot;section-stretched&quot;,&quot;background_background&quot;:&quot;classic&quot;}\">\n\t\t\t\t\t\t<div class=\"elementor-container elementor-column-gap-default\">\n\t\t\t\t\t\t\t<div class=\"elementor-row\">\n\t\t\t\t\t<div class=\"elementor-column elementor-col-100 elementor-top-column elementor-element elementor-element-e84541b\" data-id=\"e84541b\" data-element_type=\"column\">\n\t\t\t<div class=\"elementor-column-wrap elementor-element-populated\">\n\t\t\t\t\t\t\t<div class=\"elementor-widget-wrap\">\n\t\t\t\t\t\t<div class=\"elementor-element elementor-element-9a6bcc7 elementor-widget elementor-widget-heading\" data-id=\"9a6bcc7\" data-element_type=\"widget\" data-widget_type=\"heading.default\">\n\t\t\t\t<div class=\"elementor-widget-container\">\n\t\t\t<h2 class=\"elementor-heading-title elementor-size-default\">ERP WINDOWS (KAIS EVO)<\/h2>\t\t<\/div>\n\t\t\t\t<\/div>\n\t\t\t\t\t\t<\/div>\n\t\t\t\t\t<\/div>\n\t\t<\/div>\n\t\t\t\t\t\t\t\t<\/div>\n\t\t\t\t\t<\/div>\n\t\t<\/section>\n\t\t\t\t<section class=\"elementor-section elementor-top-section elementor-element elementor-element-18f8935 elementor-section-boxed elementor-section-height-default elementor-section-height-default\" data-id=\"18f8935\" data-element_type=\"section\">\n\t\t\t\t\t\t<div class=\"elementor-container elementor-column-gap-default\">\n\t\t\t\t\t\t\t<div class=\"elementor-row\">\n\t\t\t\t\t<div class=\"elementor-column elementor-col-100 elementor-top-column elementor-element elementor-element-a70198a\" data-id=\"a70198a\" data-element_type=\"column\">\n\t\t\t<div class=\"elementor-column-wrap elementor-element-populated\">\n\t\t\t\t\t\t\t<div class=\"elementor-widget-wrap\">\n\t\t\t\t\t\t<div class=\"elementor-element elementor-element-79d4b90c elementor-widget elementor-widget-image\" data-id=\"79d4b90c\" data-element_type=\"widget\" data-widget_type=\"image.default\">\n\t\t\t\t<div class=\"elementor-widget-container\">\n\t\t\t\t\t\t\t\t<div class=\"elementor-image\">\n\t\t\t\t\t\t\t\t\t\t\t\t<img loading=\"lazy\" decoding=\"async\" width=\"975\" height=\"403\" src=\"https:\/\/grupocsm.com\/wp-content\/uploads\/2021\/05\/kais2.jpg\" class=\"attachment-large size-large\" alt=\"\" srcset=\"https:\/\/grupocsm.com\/wp-content\/uploads\/2021\/05\/kais2.jpg 975w, https:\/\/grupocsm.com\/wp-content\/uploads\/2021\/05\/kais2-300x124.jpg 300w, https:\/\/grupocsm.com\/wp-content\/uploads\/2021\/05\/kais2-768x317.jpg 768w\" sizes=\"auto, (max-width: 975px) 100vw, 975px\" \/>\t\t\t\t\t\t\t\t\t\t\t\t\t\t<\/div>\n\t\t\t\t\t\t<\/div>\n\t\t\t\t<\/div>\n\t\t\t\t\t\t<\/div>\n\t\t\t\t\t<\/div>\n\t\t<\/div>\n\t\t\t\t\t\t\t\t<\/div>\n\t\t\t\t\t<\/div>\n\t\t<\/section>\n\t\t\t\t<section class=\"elementor-section elementor-top-section elementor-element elementor-element-810b8dc elementor-section-content-middle elementor-section-stretched elementor-section-boxed elementor-section-height-default elementor-section-height-default\" data-id=\"810b8dc\" data-element_type=\"section\" data-settings=\"{&quot;background_background&quot;:&quot;classic&quot;,&quot;stretch_section&quot;:&quot;section-stretched&quot;}\">\n\t\t\t\t\t\t<div class=\"elementor-container elementor-column-gap-no\">\n\t\t\t\t\t\t\t<div class=\"elementor-row\">\n\t\t\t\t\t<div class=\"elementor-column elementor-col-100 elementor-top-column elementor-element elementor-element-62316330\" data-id=\"62316330\" data-element_type=\"column\">\n\t\t\t<div class=\"elementor-column-wrap elementor-element-populated\">\n\t\t\t\t\t\t\t<div class=\"elementor-widget-wrap\">\n\t\t\t\t\t\t<div class=\"elementor-element elementor-element-2ceaf514 elementor-widget elementor-widget-heading\" data-id=\"2ceaf514\" data-element_type=\"widget\" data-widget_type=\"heading.default\">\n\t\t\t\t<div class=\"elementor-widget-container\">\n\t\t\t<h4 class=\"elementor-heading-title elementor-size-default\">KAIS EVO software ERP para la gesti\u00f3n empresarial.<\/h4>\t\t<\/div>\n\t\t\t\t<\/div>\n\t\t\t\t<div class=\"elementor-element elementor-element-6a20e64b elementor-widget elementor-widget-text-editor\" data-id=\"6a20e64b\" data-element_type=\"widget\" data-widget_type=\"text-editor.default\">\n\t\t\t\t<div class=\"elementor-widget-container\">\n\t\t\t\t\t\t\t\t<div class=\"elementor-text-editor elementor-clearfix\">\n\t\t\t\t\t<p class=\"MsoNormal\">KaisEVO es una soluci\u00f3n integral creada para gestionar todos los \u00e1mbitos de la empresa y responder a sus necesidades.<\/p><p class=\"MsoNormal\">Es un ERP pensado por y para la PYME, con un conjunto de aplicaciones inform\u00e1ticas destinadas a gestionar los diferentes \u00e1mbitos de la empresa, en un sistema totalmente integrado de datos que facilitan la operativa del d\u00eda a d\u00eda y ayuda a la direcci\u00f3n a tomar decisiones m\u00e1s r\u00e1pidas y eficientes.<\/p><p class=\"MsoNormal\">Basado en la tecnolog\u00eda m\u00e1s moderna y sobre Base de Datos SQL Server.<\/p><p class=\"MsoNormal\">A trav\u00e9s de la configuraci\u00f3n por m\u00f3dulos su empresa invierte s\u00f3lo en aquello que realmente va a utilizar. Permite a la empresa ir creciendo en funci\u00f3n de sus necesidades.<\/p><p class=\"MsoNormal\">Es un ERP especializado y multisectorial, totalmente adaptado y con gran capacidad de personalizaci\u00f3n.<\/p><p class=\"MsoNormal\">R\u00e1pido de implementar, \u00e1gil en su operativa y con una funcionalidad sorprendente.<\/p><p class=\"MsoNormal\"><!--[endif]--><\/p>\t\t\t\t\t<\/div>\n\t\t\t\t\t\t<\/div>\n\t\t\t\t<\/div>\n\t\t\t\t\t\t<\/div>\n\t\t\t\t\t<\/div>\n\t\t<\/div>\n\t\t\t\t\t\t\t\t<\/div>\n\t\t\t\t\t<\/div>\n\t\t<\/section>\n\t\t\t\t<section class=\"elementor-section elementor-top-section elementor-element elementor-element-ccc3367 elementor-section-stretched elementor-section-boxed elementor-section-height-default elementor-section-height-default\" data-id=\"ccc3367\" data-element_type=\"section\" data-settings=\"{&quot;stretch_section&quot;:&quot;section-stretched&quot;}\">\n\t\t\t\t\t\t<div class=\"elementor-container elementor-column-gap-default\">\n\t\t\t\t\t\t\t<div class=\"elementor-row\">\n\t\t\t\t\t<div class=\"elementor-column elementor-col-100 elementor-top-column elementor-element elementor-element-cf78a16\" data-id=\"cf78a16\" data-element_type=\"column\">\n\t\t\t<div class=\"elementor-column-wrap elementor-element-populated\">\n\t\t\t\t\t\t\t<div class=\"elementor-widget-wrap\">\n\t\t\t\t\t\t<div class=\"elementor-element elementor-element-210a612 elementor-widget elementor-widget-image\" data-id=\"210a612\" data-element_type=\"widget\" data-widget_type=\"image.default\">\n\t\t\t\t<div class=\"elementor-widget-container\">\n\t\t\t\t\t\t\t\t<div class=\"elementor-image\">\n\t\t\t\t\t\t\t\t\t\t\t\t<img loading=\"lazy\" decoding=\"async\" width=\"1024\" height=\"68\" src=\"https:\/\/grupocsm.com\/wp-content\/uploads\/2021\/06\/bloques_kais2-1024x68.jpg\" class=\"attachment-large size-large\" alt=\"\" srcset=\"https:\/\/grupocsm.com\/wp-content\/uploads\/2021\/06\/bloques_kais2-1024x68.jpg 1024w, https:\/\/grupocsm.com\/wp-content\/uploads\/2021\/06\/bloques_kais2-300x20.jpg 300w, https:\/\/grupocsm.com\/wp-content\/uploads\/2021\/06\/bloques_kais2-768x51.jpg 768w, https:\/\/grupocsm.com\/wp-content\/uploads\/2021\/06\/bloques_kais2.jpg 1151w\" sizes=\"auto, (max-width: 1024px) 100vw, 1024px\" \/>\t\t\t\t\t\t\t\t\t\t\t\t\t\t<\/div>\n\t\t\t\t\t\t<\/div>\n\t\t\t\t<\/div>\n\t\t\t\t\t\t<\/div>\n\t\t\t\t\t<\/div>\n\t\t<\/div>\n\t\t\t\t\t\t\t\t<\/div>\n\t\t\t\t\t<\/div>\n\t\t<\/section>\n\t\t\t\t\t\t<\/div>\n\t\t\t\t\t\t<\/div>\n\t\t\t\t\t<\/div>\n\t\t","protected":false},"excerpt":{"rendered":"<p>ERP WINDOWS (KAIS EVO) KAIS EVO software ERP para la gesti\u00f3n empresarial. KaisEVO es una soluci\u00f3n integral creada para gestionar todos los \u00e1mbitos de la empresa y responder a sus necesidades. Es un ERP pensado por y para la PYME, con un conjunto de aplicaciones inform\u00e1ticas destinadas a gestionar los diferentes \u00e1mbitos de la empresa, [&hellip;]<\/p>\n","protected":false},"author":1,"featured_media":0,"parent":0,"menu_order":0,"comment_status":"closed","ping_status":"closed","template":"","meta":{"_monsterinsights_skip_tracking":false,"_monsterinsights_sitenote_active":false,"_monsterinsights_sitenote_note":"","_monsterinsights_sitenote_category":0,"footnotes":""},"class_list":["post-6595","page","type-page","status-publish","hentry","entry"],"aioseo_notices":[],"_links":{"self":[{"href":"https:\/\/grupocsm.com\/index.php\/wp-json\/wp\/v2\/pages\/6595","targetHints":{"allow":["GET"]}}],"collection":[{"href":"https:\/\/grupocsm.com\/index.php\/wp-json\/wp\/v2\/pages"}],"about":[{"href":"https:\/\/grupocsm.com\/index.php\/wp-json\/wp\/v2\/types\/page"}],"author":[{"embeddable":true,"href":"https:\/\/grupocsm.com\/index.php\/wp-json\/wp\/v2\/users\/1"}],"replies":[{"embeddable":true,"href":"https:\/\/grupocsm.com\/index.php\/wp-json\/wp\/v2\/comments?post=6595"}],"version-history":[{"count":55,"href":"https:\/\/grupocsm.com\/index.php\/wp-json\/wp\/v2\/pages\/6595\/revisions"}],"predecessor-version":[{"id":8852,"href":"https:\/\/grupocsm.com\/index.php\/wp-json\/wp\/v2\/pages\/6595\/revisions\/8852"}],"wp:attachment":[{"href":"https:\/\/grupocsm.com\/index.php\/wp-json\/wp\/v2\/media?parent=6595"}],"curies":[{"name":"wp","href":"https:\/\/api.w.org\/{rel}","templated":true}]}}