{"id":10144,"date":"2024-12-19T12:04:11","date_gmt":"2024-12-19T11:04:11","guid":{"rendered":"https:\/\/grupocsm.com\/?page_id=10144"},"modified":"2024-12-19T12:05:32","modified_gmt":"2024-12-19T11:05:32","slug":"factura-electronica","status":"publish","type":"page","link":"https:\/\/grupocsm.com\/index.php\/kit-digitaliza\/factura-electronica\/","title":{"rendered":"KIT DIGITAL &#8211; Factura Electr\u00f3nica"},"content":{"rendered":"\t\t<div data-elementor-type=\"wp-page\" data-elementor-id=\"10144\" class=\"elementor elementor-10144\" data-elementor-settings=\"[]\">\n\t\t\t\t\t\t<div class=\"elementor-inner\">\n\t\t\t\t\t\t\t<div class=\"elementor-section-wrap\">\n\t\t\t\t\t\t\t<section class=\"elementor-section elementor-top-section elementor-element elementor-element-467686f elementor-section-full_width elementor-section-stretched elementor-section-height-default elementor-section-height-default\" data-id=\"467686f\" data-element_type=\"section\" data-settings=\"{&quot;stretch_section&quot;:&quot;section-stretched&quot;,&quot;background_background&quot;:&quot;classic&quot;}\">\n\t\t\t\t\t\t<div class=\"elementor-container elementor-column-gap-default\">\n\t\t\t\t\t\t\t<div class=\"elementor-row\">\n\t\t\t\t\t<div class=\"elementor-column elementor-col-100 elementor-top-column elementor-element elementor-element-d109a2b\" data-id=\"d109a2b\" data-element_type=\"column\">\n\t\t\t<div class=\"elementor-column-wrap elementor-element-populated\">\n\t\t\t\t\t\t\t<div class=\"elementor-widget-wrap\">\n\t\t\t\t\t\t<div class=\"elementor-element elementor-element-0136ad2 elementor-widget elementor-widget-heading\" data-id=\"0136ad2\" data-element_type=\"widget\" data-widget_type=\"heading.default\">\n\t\t\t\t<div class=\"elementor-widget-container\">\n\t\t\t<h2 class=\"elementor-heading-title elementor-size-default\">GESTI\u00d3N DE LA FACTURACI\u00d3N Y FACTURA ELECTR\u00d3NICA\n<\/h2>\t\t<\/div>\n\t\t\t\t<\/div>\n\t\t\t\t\t\t<\/div>\n\t\t\t\t\t<\/div>\n\t\t<\/div>\n\t\t\t\t\t\t\t\t<\/div>\n\t\t\t\t\t<\/div>\n\t\t<\/section>\n\t\t\t\t<section class=\"elementor-section elementor-top-section elementor-element elementor-element-8154da8 elementor-section-full_width elementor-section-stretched elementor-section-height-default elementor-section-height-default\" data-id=\"8154da8\" data-element_type=\"section\" data-settings=\"{&quot;stretch_section&quot;:&quot;section-stretched&quot;,&quot;background_background&quot;:&quot;classic&quot;}\">\n\t\t\t\t\t\t<div class=\"elementor-container elementor-column-gap-default\">\n\t\t\t\t\t\t\t<div class=\"elementor-row\">\n\t\t\t\t\t<div class=\"elementor-column elementor-col-100 elementor-top-column elementor-element elementor-element-3620c3f\" data-id=\"3620c3f\" data-element_type=\"column\">\n\t\t\t<div class=\"elementor-column-wrap elementor-element-populated\">\n\t\t\t\t\t\t\t<div class=\"elementor-widget-wrap\">\n\t\t\t\t\t\t<div class=\"elementor-element elementor-element-a0a74c2 elementor-widget elementor-widget-heading\" data-id=\"a0a74c2\" data-element_type=\"widget\" data-widget_type=\"heading.default\">\n\t\t\t\t<div class=\"elementor-widget-container\">\n\t\t\t<h2 class=\"elementor-heading-title elementor-size-default\">CARACTER\u00cdSTICAS (KIT DIGITAL)<\/h2>\t\t<\/div>\n\t\t\t\t<\/div>\n\t\t\t\t\t\t<\/div>\n\t\t\t\t\t<\/div>\n\t\t<\/div>\n\t\t\t\t\t\t\t\t<\/div>\n\t\t\t\t\t<\/div>\n\t\t<\/section>\n\t\t\t\t<section class=\"elementor-section elementor-top-section elementor-element elementor-element-0cc29dc elementor-section-boxed elementor-section-height-default elementor-section-height-default\" data-id=\"0cc29dc\" data-element_type=\"section\">\n\t\t\t\t\t\t<div class=\"elementor-container elementor-column-gap-default\">\n\t\t\t\t\t\t\t<div class=\"elementor-row\">\n\t\t\t\t\t<div class=\"elementor-column elementor-col-100 elementor-top-column elementor-element elementor-element-7e68bd0\" data-id=\"7e68bd0\" data-element_type=\"column\">\n\t\t\t<div class=\"elementor-column-wrap elementor-element-populated\">\n\t\t\t\t\t\t\t<div class=\"elementor-widget-wrap\">\n\t\t\t\t\t\t<div class=\"elementor-element elementor-element-3ad620a elementor-widget elementor-widget-heading\" data-id=\"3ad620a\" data-element_type=\"widget\" data-widget_type=\"heading.default\">\n\t\t\t\t<div class=\"elementor-widget-container\">\n\t\t\t<h2 class=\"elementor-heading-title elementor-size-default\">Con esta soluci\u00f3n podr\u00e1s tener digitalizado el flujo de emisi\u00f3n y recepci\u00f3n de las facturas de tus clientes y proveedores, asegurando la digitalizaci\u00f3n y securizaci\u00f3n de tus procesos de negocio.<\/h2>\t\t<\/div>\n\t\t\t\t<\/div>\n\t\t\t\t\t\t<\/div>\n\t\t\t\t\t<\/div>\n\t\t<\/div>\n\t\t\t\t\t\t\t\t<\/div>\n\t\t\t\t\t<\/div>\n\t\t<\/section>\n\t\t\t\t<section class=\"elementor-section elementor-top-section elementor-element elementor-element-79679d0 elementor-section-boxed elementor-section-height-default elementor-section-height-default\" data-id=\"79679d0\" data-element_type=\"section\">\n\t\t\t\t\t\t<div class=\"elementor-container elementor-column-gap-default\">\n\t\t\t\t\t\t\t<div class=\"elementor-row\">\n\t\t\t\t\t<div class=\"elementor-column elementor-col-100 elementor-top-column elementor-element elementor-element-85c32ae\" data-id=\"85c32ae\" data-element_type=\"column\">\n\t\t\t<div class=\"elementor-column-wrap elementor-element-populated\">\n\t\t\t\t\t\t\t<div class=\"elementor-widget-wrap\">\n\t\t\t\t\t\t<div class=\"elementor-element elementor-element-2844f9a elementor-widget elementor-widget-accordion\" data-id=\"2844f9a\" data-element_type=\"widget\" data-widget_type=\"accordion.default\">\n\t\t\t\t<div class=\"elementor-widget-container\">\n\t\t\t\t\t<div class=\"elementor-accordion\" role=\"tablist\">\n\t\t\t\t\t\t\t<div class=\"elementor-accordion-item\">\n\t\t\t\t\t<div id=\"elementor-tab-title-4221\" class=\"elementor-tab-title\" data-tab=\"1\" role=\"tab\" aria-controls=\"elementor-tab-content-4221\" aria-expanded=\"false\">\n\t\t\t\t\t\t\t\t\t\t\t\t\t<span class=\"elementor-accordion-icon elementor-accordion-icon-left\" aria-hidden=\"true\">\n\t\t\t\t\t\t\t\t\t\t\t\t\t\t\t<span class=\"elementor-accordion-icon-closed\"><i class=\"fas fa-plus\"><\/i><\/span>\n\t\t\t\t\t\t\t\t<span class=\"elementor-accordion-icon-opened\"><i class=\"fas fa-minus\"><\/i><\/span>\n\t\t\t\t\t\t\t\t\t\t\t\t\t\t<\/span>\n\t\t\t\t\t\t\t\t\t\t\t\t<a class=\"elementor-accordion-title\" href=\"\">Funcionalidades y servicios<\/a>\n\t\t\t\t\t<\/div>\n\t\t\t\t\t<div id=\"elementor-tab-content-4221\" class=\"elementor-tab-content elementor-clearfix\" data-tab=\"1\" role=\"tabpanel\" aria-labelledby=\"elementor-tab-title-4221\"><ul><li class=\"paragraph\"><strong>Facturas en formato estructurado:<\/strong>\u00a0tendr\u00e1s la posibilidad emitir facturas en formatos estructurados, al menos en formato FACTURA-E, para facilitar su tratamiento automatizado.<\/li><li class=\"paragraph\"><strong>Facturas ilimitadas:<\/strong>\u00a0podr\u00e1s emitir y recibir un n\u00famero ilimitado de facturas.<\/li><li class=\"paragraph\"><strong>Clientes ilimitados:<\/strong>\u00a0tendr\u00e1s la capacidad de enviar facturas a un n\u00famero ilimitado de clientes.<\/li><li class=\"paragraph\"><strong>Productos o servicios ilimitados:<\/strong>\u00a0podr\u00e1s crear un n\u00famero ilimitado de productos y\/o servicios facturables dentro del cat\u00e1logo.<\/li><li class=\"paragraph\"><strong>Env\u00edo y recepci\u00f3n de facturas:<\/strong>\u00a0la soluci\u00f3n implantada por el Agente Digitalizador de tu elecci\u00f3n te posibilitar\u00e1 enviar y recibir facturas electr\u00f3nicas directamente, al menos por correo electr\u00f3nico.<\/li><li class=\"paragraph\"><strong>Personalizaci\u00f3n de facturas:<\/strong>\u00a0las facturas ser\u00e1n personalizables, incluyendo la selecci\u00f3n de tu logotipo.<\/li><li class=\"paragraph\"><strong>Copias de seguridad peri\u00f3dicas:<\/strong>\u00a0podr\u00e1s realizar copias de seguridad, con posibilidad de,\u00a0al menos,\u00a0una periodicidad diaria.<\/li><li class=\"paragraph\"><strong>Almacenamiento\/Hist\u00f3rico de facturas:<\/strong>\u00a0Si perteneces a los segmentos I, II o III tendr\u00e1s, al menos, 1 GB para las facturas.\u00a0Para los segmentos IV y V se proporcionar\u00e1 un almacenamiento de, al menos, 10 GB.<\/li><li class=\"paragraph\"><strong>Integraci\u00f3n con otras soluciones:<\/strong>\u00a0la soluci\u00f3n deber\u00e1 disponer de APIs o Web Services para su integraci\u00f3n con otras herramientas, as\u00ed como permitir la carga de datos de manera manual.<\/li><li class=\"paragraph\"><strong>Control de vencimiento de las facturas:<\/strong>\u00a0tendr\u00e1s un sistema de control del vencimiento de las facturas.<\/li><li class=\"paragraph\"><strong>Generaci\u00f3n de un registro de facturaci\u00f3n:<\/strong>\u00a0la soluci\u00f3n te permitir\u00e1 generar un registro de facturaci\u00f3n, de forma simult\u00e1nea o inmediatamente anterior a la expedici\u00f3n de cada factura.<\/li><li class=\"paragraph\"><strong>Emisi\u00f3n de facturas verificables:<\/strong>\u00a0la soluci\u00f3n deber\u00e1 habilitar la emisi\u00f3n de facturas, tanto en papel como de forma electr\u00f3nica, que puedan ser verificables con la Agencia Tributaria por parte del comprador.<\/li><li class=\"paragraph\"><strong>Verificaci\u00f3n presencial:<\/strong>\u00a0la soluci\u00f3n deber\u00e1 permitir la verificaci\u00f3n presencial del registro de facturaci\u00f3n por parte de las autoridades competentes.<\/li><li class=\"paragraph\"><strong>Declaraci\u00f3n responsable:<\/strong>\u00a0la soluci\u00f3n deber\u00e1 disponer de una declaraci\u00f3n responsable por parte del fabricante o desarrollador acreditando que el software cumple con la normativa tributaria vigente.<\/li><li class=\"paragraph\"><strong>Cumplimiento:\u00a0<\/strong>podr\u00e1s asegurar el cumplimiento de la normativa aplicable, en concreto el Reglamento por el que se regulan las obligaciones de facturaci\u00f3n del Real Decreto 1619\/2012, los requisitos del art\u00edculo 29.2.j) de la Ley 58\/2003, de 17 de diciembre, General Tributaria y su normativa de desarrollo, as\u00ed como cualquier normativa de aplicaci\u00f3n.<\/li><\/ul><\/div>\n\t\t\t\t<\/div>\n\t\t\t\t\t\t\t<div class=\"elementor-accordion-item\">\n\t\t\t\t\t<div id=\"elementor-tab-title-4222\" class=\"elementor-tab-title\" data-tab=\"2\" role=\"tab\" aria-controls=\"elementor-tab-content-4222\" aria-expanded=\"false\">\n\t\t\t\t\t\t\t\t\t\t\t\t\t<span class=\"elementor-accordion-icon elementor-accordion-icon-left\" aria-hidden=\"true\">\n\t\t\t\t\t\t\t\t\t\t\t\t\t\t\t<span class=\"elementor-accordion-icon-closed\"><i class=\"fas fa-plus\"><\/i><\/span>\n\t\t\t\t\t\t\t\t<span class=\"elementor-accordion-icon-opened\"><i class=\"fas fa-minus\"><\/i><\/span>\n\t\t\t\t\t\t\t\t\t\t\t\t\t\t<\/span>\n\t\t\t\t\t\t\t\t\t\t\t\t<a class=\"elementor-accordion-title\" href=\"\">Porcentajes de ejecuci\u00f3n asociados a las fases<\/a>\n\t\t\t\t\t<\/div>\n\t\t\t\t\t<div id=\"elementor-tab-content-4222\" class=\"elementor-tab-content elementor-clearfix\" data-tab=\"2\" role=\"tabpanel\" aria-labelledby=\"elementor-tab-title-4222\"><ul><li class=\"paragraph\"><p>Primera: 70 %<\/p><\/li><li class=\"paragraph\"><p>Segunda: 30 %<\/p><\/li><\/ul><\/div>\n\t\t\t\t<\/div>\n\t\t\t\t\t\t\t<div class=\"elementor-accordion-item\">\n\t\t\t\t\t<div id=\"elementor-tab-title-4223\" class=\"elementor-tab-title\" data-tab=\"3\" role=\"tab\" aria-controls=\"elementor-tab-content-4223\" aria-expanded=\"false\">\n\t\t\t\t\t\t\t\t\t\t\t\t\t<span class=\"elementor-accordion-icon elementor-accordion-icon-left\" aria-hidden=\"true\">\n\t\t\t\t\t\t\t\t\t\t\t\t\t\t\t<span class=\"elementor-accordion-icon-closed\"><i class=\"fas fa-plus\"><\/i><\/span>\n\t\t\t\t\t\t\t\t<span class=\"elementor-accordion-icon-opened\"><i class=\"fas fa-minus\"><\/i><\/span>\n\t\t\t\t\t\t\t\t\t\t\t\t\t\t<\/span>\n\t\t\t\t\t\t\t\t\t\t\t\t<a class=\"elementor-accordion-title\" href=\"\">Importe m\u00e1ximo de la ayuda<\/a>\n\t\t\t\t\t<\/div>\n\t\t\t\t\t<div id=\"elementor-tab-content-4223\" class=\"elementor-tab-content elementor-clearfix\" data-tab=\"3\" role=\"tabpanel\" aria-labelledby=\"elementor-tab-title-4223\"><ul><li><p>0 &lt; X &lt; 3 empleados: 1.000\u20ac (incluye 1 usuario)<\/p><\/li><li><p>3 \u2264 X &lt; 10 empleados: 2.000\u20ac (incluye 3 usuarios)<\/p><\/li><li><p>10 \u2264 X &lt; 50 empleados: 2.000\u20ac (incluye 3 usuarios)<\/p><\/li><li><p>50* \u2264\u00a0 X &lt; 100 empleados: 3.000\u20ac (incluye 6 usuarios)<\/p><\/li><li><p>100 \u2264\u00a0 X &lt; 250 empleados: 3.000\u20ac (incluye 6 usuarios)<\/p><\/li><\/ul><p><em>* En el segmento IV se incluyen las empresas menos de 50 empleados que tengan consideraci\u00f3n de mediana empresa al superar el volumen de negocios anual y balance general anual de 10 millones de euros<\/em><\/p><\/div>\n\t\t\t\t<\/div>\n\t\t\t\t\t\t\t\t<\/div>\n\t\t\t\t<\/div>\n\t\t\t\t<\/div>\n\t\t\t\t\t\t<\/div>\n\t\t\t\t\t<\/div>\n\t\t<\/div>\n\t\t\t\t\t\t\t\t<\/div>\n\t\t\t\t\t<\/div>\n\t\t<\/section>\n\t\t\t\t<section class=\"elementor-section elementor-top-section elementor-element elementor-element-131e22f elementor-section-full_width elementor-section-stretched elementor-section-height-default elementor-section-height-default\" data-id=\"131e22f\" data-element_type=\"section\" data-settings=\"{&quot;stretch_section&quot;:&quot;section-stretched&quot;}\">\n\t\t\t\t\t\t<div class=\"elementor-container elementor-column-gap-default\">\n\t\t\t\t\t\t\t<div class=\"elementor-row\">\n\t\t\t\t\t<div class=\"elementor-column elementor-col-100 elementor-top-column elementor-element elementor-element-49fb38a\" data-id=\"49fb38a\" data-element_type=\"column\">\n\t\t\t<div class=\"elementor-column-wrap elementor-element-populated\">\n\t\t\t\t\t\t\t<div class=\"elementor-widget-wrap\">\n\t\t\t\t\t\t<div class=\"elementor-element elementor-element-1b07b48 elementor-widget elementor-widget-spacer\" data-id=\"1b07b48\" data-element_type=\"widget\" data-widget_type=\"spacer.default\">\n\t\t\t\t<div class=\"elementor-widget-container\">\n\t\t\t\t\t<div class=\"elementor-spacer\">\n\t\t\t<div class=\"elementor-spacer-inner\"><\/div>\n\t\t<\/div>\n\t\t\t\t<\/div>\n\t\t\t\t<\/div>\n\t\t\t\t\t\t<\/div>\n\t\t\t\t\t<\/div>\n\t\t<\/div>\n\t\t\t\t\t\t\t\t<\/div>\n\t\t\t\t\t<\/div>\n\t\t<\/section>\n\t\t\t\t\t\t<\/div>\n\t\t\t\t\t\t<\/div>\n\t\t\t\t\t<\/div>\n\t\t","protected":false},"excerpt":{"rendered":"<p>GESTI\u00d3N DE LA FACTURACI\u00d3N Y FACTURA ELECTR\u00d3NICA CARACTER\u00cdSTICAS (KIT DIGITAL) Con esta soluci\u00f3n podr\u00e1s tener digitalizado el flujo de emisi\u00f3n y recepci\u00f3n de las facturas de tus clientes y proveedores, asegurando la digitalizaci\u00f3n y securizaci\u00f3n de tus procesos de negocio. Funcionalidades y servicios Facturas en formato estructurado:\u00a0tendr\u00e1s la posibilidad emitir facturas en formatos estructurados, al [&hellip;]<\/p>\n","protected":false},"author":1,"featured_media":0,"parent":8931,"menu_order":0,"comment_status":"closed","ping_status":"closed","template":"","meta":{"_monsterinsights_skip_tracking":false,"_monsterinsights_sitenote_active":false,"_monsterinsights_sitenote_note":"","_monsterinsights_sitenote_category":0,"footnotes":""},"class_list":["post-10144","page","type-page","status-publish","hentry","entry"],"aioseo_notices":[],"_links":{"self":[{"href":"https:\/\/grupocsm.com\/index.php\/wp-json\/wp\/v2\/pages\/10144","targetHints":{"allow":["GET"]}}],"collection":[{"href":"https:\/\/grupocsm.com\/index.php\/wp-json\/wp\/v2\/pages"}],"about":[{"href":"https:\/\/grupocsm.com\/index.php\/wp-json\/wp\/v2\/types\/page"}],"author":[{"embeddable":true,"href":"https:\/\/grupocsm.com\/index.php\/wp-json\/wp\/v2\/users\/1"}],"replies":[{"embeddable":true,"href":"https:\/\/grupocsm.com\/index.php\/wp-json\/wp\/v2\/comments?post=10144"}],"version-history":[{"count":4,"href":"https:\/\/grupocsm.com\/index.php\/wp-json\/wp\/v2\/pages\/10144\/revisions"}],"predecessor-version":[{"id":10148,"href":"https:\/\/grupocsm.com\/index.php\/wp-json\/wp\/v2\/pages\/10144\/revisions\/10148"}],"up":[{"embeddable":true,"href":"https:\/\/grupocsm.com\/index.php\/wp-json\/wp\/v2\/pages\/8931"}],"wp:attachment":[{"href":"https:\/\/grupocsm.com\/index.php\/wp-json\/wp\/v2\/media?parent=10144"}],"curies":[{"name":"wp","href":"https:\/\/api.w.org\/{rel}","templated":true}]}}