{"id":10052,"date":"2024-12-19T09:59:47","date_gmt":"2024-12-19T08:59:47","guid":{"rendered":"https:\/\/grupocsm.com\/?page_id=10052"},"modified":"2024-12-19T10:17:29","modified_gmt":"2024-12-19T09:17:29","slug":"servicio-de-asesoramiento-en-procesos-de-negocio-o-proceso-de-produccion","status":"publish","type":"page","link":"https:\/\/grupocsm.com\/index.php\/kit-consulting\/servicio-de-asesoramiento-en-procesos-de-negocio-o-proceso-de-produccion\/","title":{"rendered":"KIT CONSULTING &#8211; Servicio de Asesoramiento en Procesos de Negocio o Proceso de Producci\u00f3n"},"content":{"rendered":"\t\t<div data-elementor-type=\"wp-page\" data-elementor-id=\"10052\" class=\"elementor elementor-10052\" data-elementor-settings=\"[]\">\n\t\t\t\t\t\t<div class=\"elementor-inner\">\n\t\t\t\t\t\t\t<div class=\"elementor-section-wrap\">\n\t\t\t\t\t\t\t<section class=\"elementor-section elementor-top-section elementor-element elementor-element-793949fe elementor-section-full_width elementor-section-stretched elementor-section-height-default elementor-section-height-default\" data-id=\"793949fe\" data-element_type=\"section\" data-settings=\"{&quot;stretch_section&quot;:&quot;section-stretched&quot;,&quot;background_background&quot;:&quot;classic&quot;}\">\n\t\t\t\t\t\t<div class=\"elementor-container elementor-column-gap-default\">\n\t\t\t\t\t\t\t<div class=\"elementor-row\">\n\t\t\t\t\t<div class=\"elementor-column elementor-col-100 elementor-top-column elementor-element elementor-element-23727857\" data-id=\"23727857\" data-element_type=\"column\">\n\t\t\t<div class=\"elementor-column-wrap elementor-element-populated\">\n\t\t\t\t\t\t\t<div class=\"elementor-widget-wrap\">\n\t\t\t\t\t\t<div class=\"elementor-element elementor-element-6f9c04c3 elementor-widget elementor-widget-heading\" data-id=\"6f9c04c3\" data-element_type=\"widget\" data-widget_type=\"heading.default\">\n\t\t\t\t<div class=\"elementor-widget-container\">\n\t\t\t<h2 class=\"elementor-heading-title elementor-size-default\">SERVICIO DE ASESORAMIENTO EN PROCESOS DE NEGOCIO O PROCESO DE PRODUCCI\u00d3N<\/h2>\t\t<\/div>\n\t\t\t\t<\/div>\n\t\t\t\t\t\t<\/div>\n\t\t\t\t\t<\/div>\n\t\t<\/div>\n\t\t\t\t\t\t\t\t<\/div>\n\t\t\t\t\t<\/div>\n\t\t<\/section>\n\t\t\t\t<section class=\"elementor-section elementor-top-section elementor-element elementor-element-53e2ded9 elementor-section-full_width elementor-section-stretched elementor-section-height-default elementor-section-height-default\" data-id=\"53e2ded9\" data-element_type=\"section\" data-settings=\"{&quot;stretch_section&quot;:&quot;section-stretched&quot;,&quot;background_background&quot;:&quot;classic&quot;}\">\n\t\t\t\t\t\t<div class=\"elementor-container elementor-column-gap-default\">\n\t\t\t\t\t\t\t<div class=\"elementor-row\">\n\t\t\t\t\t<div class=\"elementor-column elementor-col-100 elementor-top-column elementor-element elementor-element-396578f0\" data-id=\"396578f0\" data-element_type=\"column\">\n\t\t\t<div class=\"elementor-column-wrap elementor-element-populated\">\n\t\t\t\t\t\t\t<div class=\"elementor-widget-wrap\">\n\t\t\t\t\t\t<div class=\"elementor-element elementor-element-7f202a4a elementor-widget elementor-widget-heading\" data-id=\"7f202a4a\" data-element_type=\"widget\" data-widget_type=\"heading.default\">\n\t\t\t\t<div class=\"elementor-widget-container\">\n\t\t\t<h2 class=\"elementor-heading-title elementor-size-default\">CARACTER\u00cdSTICAS (KIT CONSULTING)<\/h2>\t\t<\/div>\n\t\t\t\t<\/div>\n\t\t\t\t\t\t<\/div>\n\t\t\t\t\t<\/div>\n\t\t<\/div>\n\t\t\t\t\t\t\t\t<\/div>\n\t\t\t\t\t<\/div>\n\t\t<\/section>\n\t\t\t\t<section class=\"elementor-section elementor-top-section elementor-element elementor-element-52b007c elementor-section-boxed elementor-section-height-default elementor-section-height-default\" data-id=\"52b007c\" data-element_type=\"section\">\n\t\t\t\t\t\t<div class=\"elementor-container elementor-column-gap-default\">\n\t\t\t\t\t\t\t<div class=\"elementor-row\">\n\t\t\t\t\t<div class=\"elementor-column elementor-col-100 elementor-top-column elementor-element elementor-element-4cf910c\" data-id=\"4cf910c\" data-element_type=\"column\">\n\t\t\t<div class=\"elementor-column-wrap elementor-element-populated\">\n\t\t\t\t\t\t\t<div class=\"elementor-widget-wrap\">\n\t\t\t\t\t\t<div class=\"elementor-element elementor-element-82fe8d3 elementor-widget elementor-widget-heading\" data-id=\"82fe8d3\" data-element_type=\"widget\" data-widget_type=\"heading.default\">\n\t\t\t\t<div class=\"elementor-widget-container\">\n\t\t\t<h2 class=\"elementor-heading-title elementor-size-default\">El principal objetivo de este servicio es identificar las \u00e1reas de mejora y optimizaci\u00f3n en los procesos empresariales actuales de tu pyme, as\u00ed como la definici\u00f3n de un plan personalizado de mejora de procesos en \u00e1reas clave. En lugar de un proceso empresarial, este servicio de asesoramiento puede orientarse a la optimizaci\u00f3n de alguno de los procesos de producci\u00f3n o fabricaci\u00f3n. En cualquiera de los dos casos, se har\u00e1 uso de t\u00e9cnicas relacionadas con la inteligencia artificial, y se incluye la realizaci\u00f3n de un caso de uso adaptado al negocio.<\/h2>\t\t<\/div>\n\t\t\t\t<\/div>\n\t\t\t\t\t\t<\/div>\n\t\t\t\t\t<\/div>\n\t\t<\/div>\n\t\t\t\t\t\t\t\t<\/div>\n\t\t\t\t\t<\/div>\n\t\t<\/section>\n\t\t\t\t<section class=\"elementor-section elementor-top-section elementor-element elementor-element-c524f4b elementor-section-boxed elementor-section-height-default elementor-section-height-default\" data-id=\"c524f4b\" data-element_type=\"section\">\n\t\t\t\t\t\t<div class=\"elementor-container elementor-column-gap-default\">\n\t\t\t\t\t\t\t<div class=\"elementor-row\">\n\t\t\t\t\t<div class=\"elementor-column elementor-col-100 elementor-top-column elementor-element elementor-element-d65d5ef\" data-id=\"d65d5ef\" data-element_type=\"column\">\n\t\t\t<div class=\"elementor-column-wrap elementor-element-populated\">\n\t\t\t\t\t\t\t<div class=\"elementor-widget-wrap\">\n\t\t\t\t\t\t<div class=\"elementor-element elementor-element-70da26c elementor-widget elementor-widget-accordion\" data-id=\"70da26c\" data-element_type=\"widget\" data-widget_type=\"accordion.default\">\n\t\t\t\t<div class=\"elementor-widget-container\">\n\t\t\t\t\t<div class=\"elementor-accordion\" role=\"tablist\">\n\t\t\t\t\t\t\t<div class=\"elementor-accordion-item\">\n\t\t\t\t\t<div id=\"elementor-tab-title-1181\" class=\"elementor-tab-title\" data-tab=\"1\" role=\"tab\" aria-controls=\"elementor-tab-content-1181\" aria-expanded=\"false\">\n\t\t\t\t\t\t\t\t\t\t\t\t\t<span class=\"elementor-accordion-icon elementor-accordion-icon-left\" aria-hidden=\"true\">\n\t\t\t\t\t\t\t\t\t\t\t\t\t\t\t<span class=\"elementor-accordion-icon-closed\"><i class=\"fas fa-plus\"><\/i><\/span>\n\t\t\t\t\t\t\t\t<span class=\"elementor-accordion-icon-opened\"><i class=\"fas fa-minus\"><\/i><\/span>\n\t\t\t\t\t\t\t\t\t\t\t\t\t\t<\/span>\n\t\t\t\t\t\t\t\t\t\t\t\t<a class=\"elementor-accordion-title\" href=\"\">Tipolog\u00eda de asesoramiento<\/a>\n\t\t\t\t\t<\/div>\n\t\t\t\t\t<div id=\"elementor-tab-content-1181\" class=\"elementor-tab-content elementor-clearfix\" data-tab=\"1\" role=\"tabpanel\" aria-labelledby=\"elementor-tab-title-1181\"><p>B\u00e1sico<\/p><\/div>\n\t\t\t\t<\/div>\n\t\t\t\t\t\t\t<div class=\"elementor-accordion-item\">\n\t\t\t\t\t<div id=\"elementor-tab-title-1182\" class=\"elementor-tab-title\" data-tab=\"2\" role=\"tab\" aria-controls=\"elementor-tab-content-1182\" aria-expanded=\"false\">\n\t\t\t\t\t\t\t\t\t\t\t\t\t<span class=\"elementor-accordion-icon elementor-accordion-icon-left\" aria-hidden=\"true\">\n\t\t\t\t\t\t\t\t\t\t\t\t\t\t\t<span class=\"elementor-accordion-icon-closed\"><i class=\"fas fa-plus\"><\/i><\/span>\n\t\t\t\t\t\t\t\t<span class=\"elementor-accordion-icon-opened\"><i class=\"fas fa-minus\"><\/i><\/span>\n\t\t\t\t\t\t\t\t\t\t\t\t\t\t<\/span>\n\t\t\t\t\t\t\t\t\t\t\t\t<a class=\"elementor-accordion-title\" href=\"\">Actividades<\/a>\n\t\t\t\t\t<\/div>\n\t\t\t\t\t<div id=\"elementor-tab-content-1182\" class=\"elementor-tab-content elementor-clearfix\" data-tab=\"2\" role=\"tabpanel\" aria-labelledby=\"elementor-tab-title-1182\"><p>El Asesor Digital Adherido ser\u00e1 encargado de realizar una serie de actividades para garantizar la correcta implementaci\u00f3n de las mejoras en los procesos de negocio o de producci\u00f3n:<\/p><ul><li>Comprender las metas estrat\u00e9gicas, puntos clave y objetivos de tu pyme y alinearlas con enfoque en la digitalizaci\u00f3n, uso de la inteligencia artificial y mejora de los procesos empresariales (o, en su caso, proceso de fabricaci\u00f3n seleccionado).<\/li><li>Analizar los procesos empresariales que llevas a cabo actualmente, para identificar posibles mejoras. En el caso de los procesos productivos, se realizar\u00e1 un an\u00e1lisis del proceso de fabricaci\u00f3n seleccionado, identificando \u00e1reas de oportunidad para la eficiencia, calidad y mejora continua.<\/li><li>Comunicar de manera efectiva a los empleados de tu pyme la relevancia estrat\u00e9gica de la digitalizaci\u00f3n de procesos, destacando c\u00f3mo esto no solo optimiza el trabajo diario, sino tambi\u00e9n fortalece la competitividad.<\/li><li>Proporcionar asesoramiento especializado en herramientas de gesti\u00f3n de procesos de negocio y de inteligencia artificial, abarcando desde ventas y recursos humanos hasta la gesti\u00f3n de proyectos, y destacando soluciones espec\u00edficas para mejorar la eficiencia y calidad. Si, en su lugar, se ha optado por un proceso de fabricaci\u00f3n, se proporcionar\u00e1 asesoramiento en herramientas y tecnolog\u00eda para la optimizaci\u00f3n y automatizaci\u00f3n de ese proceso productivo.<\/li><li>Desarrollar y ejecutar un caso de uso adaptado a u pyme, utilizando las t\u00e9cnicas apropiadas, para la optimizaci\u00f3n de un proceso de negocio o, en su caso, proceso de fabricaci\u00f3n.<\/li><li>Identificar oportunidades o posibles usos de la IA en el \u00e1mbito de los procesos de negocio o, en su caso, procesos de producci\u00f3n.<\/li><\/ul><\/div>\n\t\t\t\t<\/div>\n\t\t\t\t\t\t\t<div class=\"elementor-accordion-item\">\n\t\t\t\t\t<div id=\"elementor-tab-title-1183\" class=\"elementor-tab-title\" data-tab=\"3\" role=\"tab\" aria-controls=\"elementor-tab-content-1183\" aria-expanded=\"false\">\n\t\t\t\t\t\t\t\t\t\t\t\t\t<span class=\"elementor-accordion-icon elementor-accordion-icon-left\" aria-hidden=\"true\">\n\t\t\t\t\t\t\t\t\t\t\t\t\t\t\t<span class=\"elementor-accordion-icon-closed\"><i class=\"fas fa-plus\"><\/i><\/span>\n\t\t\t\t\t\t\t\t<span class=\"elementor-accordion-icon-opened\"><i class=\"fas fa-minus\"><\/i><\/span>\n\t\t\t\t\t\t\t\t\t\t\t\t\t\t<\/span>\n\t\t\t\t\t\t\t\t\t\t\t\t<a class=\"elementor-accordion-title\" href=\"\">Importe de la ayuda<\/a>\n\t\t\t\t\t<\/div>\n\t\t\t\t\t<div id=\"elementor-tab-content-1183\" class=\"elementor-tab-content elementor-clearfix\" data-tab=\"3\" role=\"tabpanel\" aria-labelledby=\"elementor-tab-title-1183\"><ul><li>10 &lt; 50 empleados:\u00a06.000\u20ac<\/li><li>50 &lt; 100 empleados: 6.000\u20ac<\/li><li>100 &lt; 250 empleados: 6.000\u20ac<\/li><\/ul><\/div>\n\t\t\t\t<\/div>\n\t\t\t\t\t\t\t\t<\/div>\n\t\t\t\t<\/div>\n\t\t\t\t<\/div>\n\t\t\t\t\t\t<\/div>\n\t\t\t\t\t<\/div>\n\t\t<\/div>\n\t\t\t\t\t\t\t\t<\/div>\n\t\t\t\t\t<\/div>\n\t\t<\/section>\n\t\t\t\t<section class=\"elementor-section elementor-top-section elementor-element elementor-element-a53e9f7 elementor-section-boxed elementor-section-height-default elementor-section-height-default\" data-id=\"a53e9f7\" data-element_type=\"section\">\n\t\t\t\t\t\t<div class=\"elementor-container elementor-column-gap-default\">\n\t\t\t\t\t\t\t<div class=\"elementor-row\">\n\t\t\t\t\t<div class=\"elementor-column elementor-col-100 elementor-top-column elementor-element elementor-element-8ebe62b\" data-id=\"8ebe62b\" data-element_type=\"column\">\n\t\t\t<div class=\"elementor-column-wrap elementor-element-populated\">\n\t\t\t\t\t\t\t<div class=\"elementor-widget-wrap\">\n\t\t\t\t\t\t<div class=\"elementor-element elementor-element-f5b303b elementor-widget elementor-widget-heading\" data-id=\"f5b303b\" data-element_type=\"widget\" data-widget_type=\"heading.default\">\n\t\t\t\t<div class=\"elementor-widget-container\">\n\t\t\t<h2 class=\"elementor-heading-title elementor-size-default\">Para la justificaci\u00f3n del servicio prestado se deber\u00e1 aportar la correspondiente documentaci\u00f3n t\u00e9cnica y los resultados obtenidos, conforme lo establecido en el art\u00edculo 31.6a) de esta orden.<\/h2>\t\t<\/div>\n\t\t\t\t<\/div>\n\t\t\t\t\t\t<\/div>\n\t\t\t\t\t<\/div>\n\t\t<\/div>\n\t\t\t\t\t\t\t\t<\/div>\n\t\t\t\t\t<\/div>\n\t\t<\/section>\n\t\t\t\t<section class=\"elementor-section elementor-top-section elementor-element elementor-element-2586bfd elementor-section-boxed elementor-section-height-default elementor-section-height-default\" data-id=\"2586bfd\" data-element_type=\"section\">\n\t\t\t\t\t\t<div class=\"elementor-container elementor-column-gap-default\">\n\t\t\t\t\t\t\t<div class=\"elementor-row\">\n\t\t\t\t\t<div class=\"elementor-column elementor-col-100 elementor-top-column elementor-element elementor-element-c87a8d4\" data-id=\"c87a8d4\" data-element_type=\"column\">\n\t\t\t<div class=\"elementor-column-wrap elementor-element-populated\">\n\t\t\t\t\t\t\t<div class=\"elementor-widget-wrap\">\n\t\t\t\t\t\t<div class=\"elementor-element elementor-element-ae4db08 elementor-widget elementor-widget-spacer\" data-id=\"ae4db08\" data-element_type=\"widget\" data-widget_type=\"spacer.default\">\n\t\t\t\t<div class=\"elementor-widget-container\">\n\t\t\t\t\t<div class=\"elementor-spacer\">\n\t\t\t<div class=\"elementor-spacer-inner\"><\/div>\n\t\t<\/div>\n\t\t\t\t<\/div>\n\t\t\t\t<\/div>\n\t\t\t\t\t\t<\/div>\n\t\t\t\t\t<\/div>\n\t\t<\/div>\n\t\t\t\t\t\t\t\t<\/div>\n\t\t\t\t\t<\/div>\n\t\t<\/section>\n\t\t\t\t\t\t<\/div>\n\t\t\t\t\t\t<\/div>\n\t\t\t\t\t<\/div>\n\t\t","protected":false},"excerpt":{"rendered":"<p>SERVICIO DE ASESORAMIENTO EN PROCESOS DE NEGOCIO O PROCESO DE PRODUCCI\u00d3N CARACTER\u00cdSTICAS (KIT CONSULTING) El principal objetivo de este servicio es identificar las \u00e1reas de mejora y optimizaci\u00f3n en los procesos empresariales actuales de tu pyme, as\u00ed como la definici\u00f3n de un plan personalizado de mejora de procesos en \u00e1reas clave. En lugar de un [&hellip;]<\/p>\n","protected":false},"author":1,"featured_media":0,"parent":9920,"menu_order":0,"comment_status":"closed","ping_status":"closed","template":"","meta":{"_monsterinsights_skip_tracking":false,"_monsterinsights_sitenote_active":false,"_monsterinsights_sitenote_note":"","_monsterinsights_sitenote_category":0,"footnotes":""},"class_list":["post-10052","page","type-page","status-publish","hentry","entry"],"aioseo_notices":[],"_links":{"self":[{"href":"https:\/\/grupocsm.com\/index.php\/wp-json\/wp\/v2\/pages\/10052","targetHints":{"allow":["GET"]}}],"collection":[{"href":"https:\/\/grupocsm.com\/index.php\/wp-json\/wp\/v2\/pages"}],"about":[{"href":"https:\/\/grupocsm.com\/index.php\/wp-json\/wp\/v2\/types\/page"}],"author":[{"embeddable":true,"href":"https:\/\/grupocsm.com\/index.php\/wp-json\/wp\/v2\/users\/1"}],"replies":[{"embeddable":true,"href":"https:\/\/grupocsm.com\/index.php\/wp-json\/wp\/v2\/comments?post=10052"}],"version-history":[{"count":8,"href":"https:\/\/grupocsm.com\/index.php\/wp-json\/wp\/v2\/pages\/10052\/revisions"}],"predecessor-version":[{"id":10071,"href":"https:\/\/grupocsm.com\/index.php\/wp-json\/wp\/v2\/pages\/10052\/revisions\/10071"}],"up":[{"embeddable":true,"href":"https:\/\/grupocsm.com\/index.php\/wp-json\/wp\/v2\/pages\/9920"}],"wp:attachment":[{"href":"https:\/\/grupocsm.com\/index.php\/wp-json\/wp\/v2\/media?parent=10052"}],"curies":[{"name":"wp","href":"https:\/\/api.w.org\/{rel}","templated":true}]}}